{"id":9649,"date":"2021-06-21T15:42:43","date_gmt":"2021-06-21T13:42:43","guid":{"rendered":"https:\/\/shop.rcdevs.com\/?post_type=product&#038;p=9649"},"modified":"2025-06-18T18:00:49","modified_gmt":"2025-06-18T16:00:49","slug":"yumisign-card-reader-ios-lightning","status":"publish","type":"product","link":"https:\/\/shop.rcdevs.com\/fr\/product\/yumisign-card-reader-ios-lightning\/","title":{"rendered":"Lecteur de cartes YumiSign pour iOS et Android"},"content":{"rendered":"<p>Lecteur de carte \u00e0 puce YumiSign pour t\u00e9l\u00e9phones mobiles iOS et Android.<br \/>\nMod\u00e8les iOS pris en charge\u00a0: iPhone 4,7&quot;, iPad 9,7, iPad mini 7,9&quot;.<br \/>\nMod\u00e8les Android pris en charge : Tout appareil avec connexion USB-C.<\/p>\n<p>&nbsp;<\/p>","protected":false},"excerpt":{"rendered":"<p>Un lecteur de carte \u00e0 puce est n\u00e9cessaire pour signer \u00e9lectroniquement sur votre mobile avec YumiSign ou OpenOTP Signature en mode Qualifi\u00e9.<\/p>\n<p>Les signatures qualifi\u00e9es utilisent des dispositifs de signature eIDAS comme les cartes d&#039;identit\u00e9 europ\u00e9ennes et les dongles LuxTrust. Les lecteurs fonctionnent avec des cartes \u00e0 puce au format carte de cr\u00e9dit.<\/p>\n<p><mark><strong>Pour toute question ou quantit\u00e9 plus importante, veuillez contacter l&#039;\u00e9quipe commerciale de RCDevs au <a href=\"mailto:sales@rcdevs.com\" class=\"primary-color\">sales@rcdevs.com<\/a><\/strong><\/mark><\/p>","protected":false},"featured_media":15687,"template":"","meta":[],"product_brand":[],"product_cat":[153],"product_tag":[],"class_list":{"0":"post-9649","1":"product","2":"type-product","3":"status-publish","4":"has-post-thumbnail","6":"product_cat-smartcard-readers","7":"product_shipping_class-101-250-tokens","9":"first","10":"instock","11":"sold-individually","12":"taxable","13":"shipping-taxable","14":"purchasable","15":"product-type-variable"},"bundled_by":[],"bundle_stock_status":"instock","bundle_stock_quantity":null,"bundle_virtual":false,"bundle_layout":"","bundle_add_to_cart_form_location":"","bundle_editable_in_cart":false,"bundle_sold_individually_context":"","bundle_item_grouping":"","bundle_min_size":"","bundle_max_size":"","bundle_price":[],"bundled_items":[],"bundle_sell_ids":[],"exclude_global_add_ons":[],"addons":[],"_links":{"self":[{"href":"https:\/\/shop.rcdevs.com\/fr\/wp-json\/wp\/v2\/product\/9649","targetHints":{"allow":["GET"]}}],"collection":[{"href":"https:\/\/shop.rcdevs.com\/fr\/wp-json\/wp\/v2\/product"}],"about":[{"href":"https:\/\/shop.rcdevs.com\/fr\/wp-json\/wp\/v2\/types\/product"}],"wp:featuredmedia":[{"embeddable":true,"href":"https:\/\/shop.rcdevs.com\/fr\/wp-json\/wp\/v2\/media\/15687"}],"wp:attachment":[{"href":"https:\/\/shop.rcdevs.com\/fr\/wp-json\/wp\/v2\/media?parent=9649"}],"wp:term":[{"taxonomy":"product_brand","embeddable":true,"href":"https:\/\/shop.rcdevs.com\/fr\/wp-json\/wp\/v2\/product_brand?post=9649"},{"taxonomy":"product_cat","embeddable":true,"href":"https:\/\/shop.rcdevs.com\/fr\/wp-json\/wp\/v2\/product_cat?post=9649"},{"taxonomy":"product_tag","embeddable":true,"href":"https:\/\/shop.rcdevs.com\/fr\/wp-json\/wp\/v2\/product_tag?post=9649"}],"curies":[{"name":"wp","href":"https:\/\/api.w.org\/{rel}","templated":true}]}}