{"id":8478,"date":"2020-12-30T19:27:36","date_gmt":"2020-12-30T18:27:36","guid":{"rendered":"https:\/\/shop.rcdevs.com\/product\/import-placeholder-for-8502\/"},"modified":"2025-07-22T09:53:05","modified_gmt":"2025-07-22T07:53:05","slug":"rc200-hardware-tokens","status":"publish","type":"product","link":"https:\/\/shop.rcdevs.com\/fr\/product\/rc200-hardware-tokens\/","title":{"rendered":"Jetons mat\u00e9riels RC200"},"content":{"rendered":"<p>Les RC200 token sont vendus en tant que token physiques pour une utilisation avec le <mark><strong>OpenOTP Security Suite<\/mark><\/strong>. Ils sont accompagn\u00e9s d'un <mark><strong>Fichier d'inventaire OpenOTP<\/mark><\/strong> pour faciliter l'inscription \u00e0 l'aide du num\u00e9ro de s\u00e9rie du token. <br \/>S'il n'est pas utilis\u00e9 avec OpenOTP, <mark><strong>un fichier PSKC<\/mark><\/strong> sera fournie pour l'approvisionnement manuel.<\/p>","protected":false},"excerpt":{"rendered":"<p>Les RC200 token sont vendus en tant que token physiques pour une utilisation avec le <mark><strong>OpenOTP Security Suite<\/mark><\/strong>. Ils sont accompagn\u00e9s d'un <mark><strong>Fichier d'inventaire OpenOTP<\/mark><\/strong> pour faciliter l'inscription \u00e0 l'aide du num\u00e9ro de s\u00e9rie du token. <br \/>S'il n'est pas utilis\u00e9 avec OpenOTP, <mark><strong>un fichier PSKC<\/mark><\/strong> sera fournie pour l'approvisionnement manuel.<span data-mce-type=\"bookmark\" style=\"display: inline-block; width: 0px; overflow: hidden; line-height: 0;\" class=\"mce_SELRES_start\"><\/span><\/p>\n<p>Vous pouvez acheter des packs de 10, 15, 20, 25, 35, 50, 75, 100, 125, 150, 200 et 250 de RC200 tokens directement sur la boutique.<\/p>\n<p><mark><strong>Pour toute autre quantit\u00e9, veuillez contacter l&#039;\u00e9quipe commerciale de RCDevs au <a class=\"primary-color\" href=\"mailto:sales@rcdevs.com\">sales@rcdevs.com<\/a><\/strong><\/mark><\/p>","protected":false},"featured_media":15685,"template":"","meta":[],"product_brand":[],"product_cat":[108],"product_tag":[],"class_list":{"0":"post-8478","1":"product","2":"type-product","3":"status-publish","4":"has-post-thumbnail","6":"product_cat-hardware-tokens","8":"first","9":"instock","10":"sold-individually","11":"taxable","12":"shipping-taxable","13":"purchasable","14":"product-type-variable"},"bundled_by":[],"bundle_stock_status":"instock","bundle_stock_quantity":null,"bundle_virtual":false,"bundle_layout":"","bundle_add_to_cart_form_location":"","bundle_editable_in_cart":false,"bundle_sold_individually_context":"","bundle_item_grouping":"","bundle_min_size":"","bundle_max_size":"","bundle_price":[],"bundled_items":[],"bundle_sell_ids":[],"exclude_global_add_ons":[],"addons":[],"_links":{"self":[{"href":"https:\/\/shop.rcdevs.com\/fr\/wp-json\/wp\/v2\/product\/8478","targetHints":{"allow":["GET"]}}],"collection":[{"href":"https:\/\/shop.rcdevs.com\/fr\/wp-json\/wp\/v2\/product"}],"about":[{"href":"https:\/\/shop.rcdevs.com\/fr\/wp-json\/wp\/v2\/types\/product"}],"wp:featuredmedia":[{"embeddable":true,"href":"https:\/\/shop.rcdevs.com\/fr\/wp-json\/wp\/v2\/media\/15685"}],"wp:attachment":[{"href":"https:\/\/shop.rcdevs.com\/fr\/wp-json\/wp\/v2\/media?parent=8478"}],"wp:term":[{"taxonomy":"product_brand","embeddable":true,"href":"https:\/\/shop.rcdevs.com\/fr\/wp-json\/wp\/v2\/product_brand?post=8478"},{"taxonomy":"product_cat","embeddable":true,"href":"https:\/\/shop.rcdevs.com\/fr\/wp-json\/wp\/v2\/product_cat?post=8478"},{"taxonomy":"product_tag","embeddable":true,"href":"https:\/\/shop.rcdevs.com\/fr\/wp-json\/wp\/v2\/product_tag?post=8478"}],"curies":[{"name":"wp","href":"https:\/\/api.w.org\/{rel}","templated":true}]}}