{"id":8471,"date":"2020-12-30T19:25:35","date_gmt":"2020-12-30T18:25:35","guid":{"rendered":"https:\/\/shop.rcdevs.com\/product\/import-placeholder-for-8488\/"},"modified":"2025-06-18T18:01:20","modified_gmt":"2025-06-18T16:01:20","slug":"rc400-hardware-tokens","status":"publish","type":"product","link":"https:\/\/shop.rcdevs.com\/fr\/product\/rc400-hardware-tokens\/","title":{"rendered":"Jetons mat\u00e9riels RC400"},"content":{"rendered":"<p>Le jeton mat\u00e9riel RC400 utilise la technologie e-Paper pour afficher le code OTP en appuyant sur un bouton plat dans le coin inf\u00e9rieur droit.<br \/>\nLa carte, d'une \u00e9paisseur inf\u00e9rieure \u00e0 1 mm et de la taille d'une carte de cr\u00e9dit ordinaire, s'ins\u00e8re parfaitement dans votre portefeuille. Elle r\u00e9pond \u00e0 la norme ISO-7810-ID01.<br \/>\nGr\u00e2ce \u00e0 la puce \u00e0 faible consommation \u00e0 l&#039;int\u00e9rieur, cette carte \u00e0 jeton peut supporter un cycle de vie sup\u00e9rieur \u00e0 5 ans (selon l&#039;utilisation).<\/p>\n<p>Les RC400 token sont vendus en tant que token physiques pour une utilisation avec le <mark><strong>OpenOTP Security Suite<\/mark><\/strong>. Ils sont accompagn\u00e9s d'un <mark><strong>Fichier d'inventaire OpenOTP<\/mark><\/strong> pour faciliter l'inscription \u00e0 l'aide du num\u00e9ro de s\u00e9rie du token. <br \/>S'il n'est pas utilis\u00e9 avec OpenOTP, <mark><strong>un fichier PSKC<\/mark><\/strong> sera fournie pour l'approvisionnement manuel.<\/p>","protected":false},"excerpt":{"rendered":"<p>Les RC400 token sont vendus en tant que token physiques pour une utilisation avec le <mark><strong>OpenOTP Security Suite<\/mark><\/strong>. Ils sont accompagn\u00e9s d'un <mark><strong>Fichier d'inventaire OpenOTP<\/mark><\/strong> pour faciliter l'inscription \u00e0 l'aide du num\u00e9ro de s\u00e9rie du token. <br \/>S'il n'est pas utilis\u00e9 avec OpenOTP, <mark><strong>un fichier PSKC<\/mark><\/strong> sera fournie pour l'approvisionnement manuel.<\/p>\n<p>Vous pouvez acheter des packs de 10, 25, 50, 75, 100, 150 et 250 de RC400 tokens directement sur le site.<\/p>\n<p><mark><strong>Pour toute autre quantit\u00e9, veuillez contacter l&#039;\u00e9quipe commerciale de RCDevs au <a class=\"primary-color\" href=\"mailto:sales@rcdevs.com\">sales@rcdevs.com<\/a><\/strong><\/mark><\/p>","protected":false},"featured_media":15683,"template":"","meta":[],"product_brand":[],"product_cat":[108],"product_tag":[],"class_list":{"0":"post-8471","1":"product","2":"type-product","3":"status-publish","4":"has-post-thumbnail","6":"product_cat-hardware-tokens","8":"first","9":"instock","10":"sold-individually","11":"taxable","12":"shipping-taxable","13":"purchasable","14":"product-type-variable"},"bundled_by":[],"bundle_stock_status":"instock","bundle_stock_quantity":null,"bundle_virtual":false,"bundle_layout":"","bundle_add_to_cart_form_location":"","bundle_editable_in_cart":false,"bundle_sold_individually_context":"","bundle_item_grouping":"","bundle_min_size":"","bundle_max_size":"","bundle_price":[],"bundled_items":[],"bundle_sell_ids":[],"exclude_global_add_ons":[],"addons":[],"_links":{"self":[{"href":"https:\/\/shop.rcdevs.com\/fr\/wp-json\/wp\/v2\/product\/8471","targetHints":{"allow":["GET"]}}],"collection":[{"href":"https:\/\/shop.rcdevs.com\/fr\/wp-json\/wp\/v2\/product"}],"about":[{"href":"https:\/\/shop.rcdevs.com\/fr\/wp-json\/wp\/v2\/types\/product"}],"wp:featuredmedia":[{"embeddable":true,"href":"https:\/\/shop.rcdevs.com\/fr\/wp-json\/wp\/v2\/media\/15683"}],"wp:attachment":[{"href":"https:\/\/shop.rcdevs.com\/fr\/wp-json\/wp\/v2\/media?parent=8471"}],"wp:term":[{"taxonomy":"product_brand","embeddable":true,"href":"https:\/\/shop.rcdevs.com\/fr\/wp-json\/wp\/v2\/product_brand?post=8471"},{"taxonomy":"product_cat","embeddable":true,"href":"https:\/\/shop.rcdevs.com\/fr\/wp-json\/wp\/v2\/product_cat?post=8471"},{"taxonomy":"product_tag","embeddable":true,"href":"https:\/\/shop.rcdevs.com\/fr\/wp-json\/wp\/v2\/product_tag?post=8471"}],"curies":[{"name":"wp","href":"https:\/\/api.w.org\/{rel}","templated":true}]}}