{"id":8469,"date":"2020-12-30T19:30:35","date_gmt":"2020-12-30T18:30:35","guid":{"rendered":"https:\/\/shop.rcdevs.com\/product\/import-placeholder-for-8464\/"},"modified":"2026-01-12T16:24:30","modified_gmt":"2026-01-12T15:24:30","slug":"openotp-security-suite-enterprise-edition","status":"publish","type":"product","link":"https:\/\/shop.rcdevs.com\/fr\/product\/openotp-security-suite-enterprise-edition\/","title":{"rendered":"OpenOTP On-Premise Edition"},"content":{"rendered":"<p>Avec la licence ALL INCLUSIVE RCDevs On Premise Enterprise d&#039;OpenOTP, vous pouvez utiliser toutes les fonctionnalit\u00e9s, toutes les m\u00e9thodes d&#039;authentification et tous les composants logiciels sans limitation de fonctionnalit\u00e9s et sans frais suppl\u00e9mentaires. Les licences incluent deux clusters de serveurs pour une haute disponibilit\u00e9 (HA).<\/p>","protected":false},"excerpt":{"rendered":"<p>Le mod\u00e8le de licence d&#039;abonnement On Premise OpenOTP Security Suite Enterprise est bas\u00e9 sur des frais annuels par utilisateur. La maintenance du logiciel est incluse dans le prix.<\/p>\n<p><strong>Signature \u00e9lectronique OpenOTP<\/strong> est une option gratuite qui n\u00e9cessite une activation et l&#039;achat de cr\u00e9dits de signature. <a href=\"https:\/\/shop.rcdevs.com\/fr\/contact-us\/\">Contactez-nous<\/a> si vous souhaitez activer cette fonctionnalit\u00e9.<\/p>\n<p>Pour 1 \u00e0 50 utilisateurs, veuillez acheter le pack de licence d'entreprise d'entr\u00e9e de gamme.<\/p>\n<p><mark><strong>Pour tout autre pack utilisateur, veuillez contacter l&#039;\u00e9quipe commerciale de RCDevs au <a class=\"primary-color\" href=\"mailto:sales@rcdevs.com\">sales@rcdevs.com<\/a><\/strong><\/mark><\/p>\n<p>&nbsp;<\/p>","protected":false},"featured_media":22288,"template":"","meta":[],"product_brand":[],"product_cat":[107],"product_tag":[],"class_list":{"0":"post-8469","1":"product","2":"type-product","3":"status-publish","4":"has-post-thumbnail","6":"product_cat-software-license","8":"first","9":"instock","10":"sold-individually","11":"taxable","12":"shipping-taxable","13":"purchasable","14":"product-type-variable","15":"has-default-attributes"},"bundled_by":[],"bundle_stock_status":"instock","bundle_stock_quantity":null,"bundle_virtual":false,"bundle_layout":"","bundle_add_to_cart_form_location":"","bundle_editable_in_cart":false,"bundle_sold_individually_context":"","bundle_item_grouping":"","bundle_min_size":"","bundle_max_size":"","bundle_price":[],"bundled_items":[],"bundle_sell_ids":[],"exclude_global_add_ons":false,"addons":[{"name":"SLA en option","type":"multiple_choice","position":0,"required":true,"title_format":"label","default":"","description_enable":false,"description":"","placeholder_enable":false,"placeholder":"","display":"select","restrictions_type":"any_text","adjust_price":false,"price":"","price_type":"flat_fee","restrictions":false,"min":"0","max":"0","options":[{"label":"No SLA (Product Maintenance Only)","price":"","price_type":"flat_fee","image":0,"visibility":true},{"label":"With SLA (Support Option)","price":"20","price_type":"percentage_based","image":0,"visibility":true}],"id":1676644345}],"_links":{"self":[{"href":"https:\/\/shop.rcdevs.com\/fr\/wp-json\/wp\/v2\/product\/8469","targetHints":{"allow":["GET"]}}],"collection":[{"href":"https:\/\/shop.rcdevs.com\/fr\/wp-json\/wp\/v2\/product"}],"about":[{"href":"https:\/\/shop.rcdevs.com\/fr\/wp-json\/wp\/v2\/types\/product"}],"wp:featuredmedia":[{"embeddable":true,"href":"https:\/\/shop.rcdevs.com\/fr\/wp-json\/wp\/v2\/media\/22288"}],"wp:attachment":[{"href":"https:\/\/shop.rcdevs.com\/fr\/wp-json\/wp\/v2\/media?parent=8469"}],"wp:term":[{"taxonomy":"product_brand","embeddable":true,"href":"https:\/\/shop.rcdevs.com\/fr\/wp-json\/wp\/v2\/product_brand?post=8469"},{"taxonomy":"product_cat","embeddable":true,"href":"https:\/\/shop.rcdevs.com\/fr\/wp-json\/wp\/v2\/product_cat?post=8469"},{"taxonomy":"product_tag","embeddable":true,"href":"https:\/\/shop.rcdevs.com\/fr\/wp-json\/wp\/v2\/product_tag?post=8469"}],"curies":[{"name":"wp","href":"https:\/\/api.w.org\/{rel}","templated":true}]}}