{"id":21823,"date":"2023-06-23T14:31:37","date_gmt":"2023-06-23T12:31:37","guid":{"rendered":"https:\/\/shop.rcdevs.com\/?page_id=21823"},"modified":"2023-06-23T14:43:37","modified_gmt":"2023-06-23T12:43:37","slug":"privacy-policy","status":"publish","type":"page","link":"https:\/\/shop.rcdevs.com\/fr\/privacy-policy\/","title":{"rendered":"Politique de confidentialit\u00e9"},"content":{"rendered":"<div class=\"wpb-content-wrapper\"><div id=\"tm-row-6a01d4b18aff5\" class=\"vc_row vc_row-outer vc_row-fluid\"><div id=\"tm-column-6a01d4b18c6ad\" class=\"wpb_column vc_column_container vc_col-sm-4\"><div class=\"vc_column-inner\"><div class=\"wpb_wrapper\"><div class=\"tm-image tm-animation move-up\" id=\"tm-image-6a01d4b18cbd6\">\n\t\t\t<div class=\"image\"><img decoding=\"async\"  loading=\"lazy\" alt=\"politique\" width=\"200\" height=\"216\" src=\"https:\/\/shop.rcdevs.com\/wp-content\/uploads\/policy-200x216.png\" srcset=\"https:\/\/shop.rcdevs.com\/wp-content\/uploads\/policy-200x216@2x.png 2x\" \/><\/div>\t<\/div>\n<\/div><\/div><\/div><div id=\"tm-column-6a01d4b18d44a\" class=\"wpb_column vc_column_container vc_col-sm-8\"><div class=\"vc_column-inner\"><div class=\"wpb_wrapper\">\n<div class=\"tm-heading modern left tm-animation move-up\" id=\"tm-heading-6a01d4b18d93e\">\n\t<h6 class=\"heading\" style=\"\">Nous nous engageons \u00e0 prot\u00e9ger la confidentialit\u00e9 des <\/h6><\/div>\n\n\n<div class=\"tm-heading  left tm-animation move-up\" id=\"tm-heading-6a01d4b18deb6\">\n\t<h3 class=\"heading\" style=\"\">informations personnelles <mark>de nos clients.<\/mark><\/h3><\/div>\n\n<div class=\"tm-spacer\" id=\"tm-spacer-6a01d4b18e4d1\"><\/div>\n\n<div class=\"tm-heading  left tm-animation move-up\" id=\"tm-heading-6a01d4b18e5ad\">\n\t<div class=\"heading\" style=\"\">En utilisant ce site Web, vous acceptez les termes et conditions suivants. Si vous n&#039;\u00eates pas d&#039;accord avec ces termes et conditions ou des parties de ceux-ci, vous ne devez pas utiliser ce site Web. RCDevs Security SA (\u00ab RCDevs \u00bb, \u00ab nous \u00bb ou \u00ab nos \u00bb) s&#039;engage \u00e0 prot\u00e9ger la confidentialit\u00e9 des informations personnelles de nos clients. Cette politique de confidentialit\u00e9 d\u00e9crit comment nous recueillons, utilisons, partageons, transf\u00e9rons et divulguons des informations personnelles, conform\u00e9ment au r\u00e8glement g\u00e9n\u00e9ral de l&#039;UE sur la protection des donn\u00e9es entrant en vigueur le 25 mai 2018. Cette politique s&#039;applique au site Web RCDevs \u00e0 l&#039;adresse www.rcdevs.com (le \u00ab\u00a0Site\u00a0\u00bb) et le service de d\u00e9monstration RCDevs (le \u00ab\u00a0Service\u00a0\u00bb ou les \u00ab\u00a0Services\u00a0\u00bb). Il vous indique \u00e9galement comment nous utilisons les cookies et autres technologies de suivi. <\/div><\/div>\n\n<\/div><\/div><\/div><\/div><div id=\"tm-row-6a01d4b18ea62\" class=\"vc_row vc_row-outer vc_row-fluid\"><div id=\"tm-column-6a01d4b18ec82\" class=\"wpb_column vc_column_container vc_col-sm-12\"><div class=\"vc_column-inner\"><div class=\"wpb_wrapper\"><div class=\"tm-spacer\" id=\"tm-spacer-6a01d4b18ee47\"><\/div>\n<div class=\"tm-accordion style-02 tm-animation move-up\" id=\"tm-accordion-6a01d4b18f0c8\"\n\t>\n\t\n\t\t<div class=\"accordion-section active\">\n\t\t\t\t\t\t\t<div class=\"accordion-title-wrapper\">\n\t\t\t\t\t<h6 class=\"accordion-title\">1. Modifications de notre politique de confidentialit\u00e9<span\n\t\t\t\t\t\t\tclass=\"accordion-icon\"><\/span><\/h6>\n\t\t\t\t<\/div>\n\t\t\t\t\t\t<div class=\"accordion-content\"\n\t\t\t\tstyle=\"display: block;\"\t\t\t>\n\t\t\t\t\t\t\t\t\tCette politique de confidentialit\u00e9 peut \u00eatre mise \u00e0 jour de temps \u00e0 autre, veuillez donc la v\u00e9rifier r\u00e9guli\u00e8rement pour vous tenir au courant des mises \u00e0 jour. OpenOTP fournit le plus haut niveau de fonctionnalit\u00e9 disponible dans le secteur. En ce sens, nos ing\u00e9nieurs l'ont con\u00e7u en mettant l'accent sur la haute s\u00e9curit\u00e9, les performances, la simplicit\u00e9 et l'intuitivit\u00e9. En cons\u00e9quence, OpenOTP est la seule solution \u00e0 ce niveau de fonctionnalit\u00e9, qui est install\u00e9e et int\u00e9gr\u00e9e avec succ\u00e8s par des centaines d'entreprises sans n\u00e9cessiter d'assistance suppl\u00e9mentaire.\n\n\t\t\t\t\t\t\t<\/div>\n\t\t<\/div>\n\t\t\n\t\t<div class=\"accordion-section\">\n\t\t\t\t\t\t\t<div class=\"accordion-title-wrapper\">\n\t\t\t\t\t<h6 class=\"accordion-title\">2. Informations personnellement identifiables <span\n\t\t\t\t\t\t\tclass=\"accordion-icon\"><\/span><\/h6>\n\t\t\t\t<\/div>\n\t\t\t\t\t\t<div class=\"accordion-content\"\n\t\t\t\t\t\t\t>\n\t\t\t\t\t\t\t\t\tLes informations personnelles identifiables (\"IPI\") ne sont collect\u00e9es sur ce site que par le biais d'un enregistrement volontaire. Les IPI sont toute information qui peut \u00eatre utilis\u00e9e pour contacter, identifier ou localiser un individu, et comprend, mais sans s'y limiter, votre nom, num\u00e9ro de t\u00e9l\u00e9phone, courrier \u00e9lectronique et adresses postales. RCDevs collecte les informations personnelles dans les sc\u00e9narios suivants\u00a0:<br>\n\n        Lorsque vous choisissez d'acheter via notre boutique en ligne, vous devez cr\u00e9er un compte et nous collectons des IPI comme l'adresse, num\u00e9ro de t\u00e9l\u00e9phone, etc. Nous collectons ces informations afin de pouvoir vous contacter au cours de notre relation commerciale, de proc\u00e9der \u00e0 votre commande et pour g\u00e9rer votre compte.<br>\n        Lorsque vous soumettez un formulaire pour nous contacter via notre site Web, nous collectons des informations telles que votre nom, votre adresse \u00e9lectronique et votre pays. Nous collectons ces informations pour r\u00e9pondre \u00e0 vos questions et vous contacter au cours de notre relation commerciale.<br>\n        Lorsque vous cr\u00e9ez un compte d\u00e9mo, nous collectons des informations telles que le nom, l&#039;adresse \u00e9lectronique et le num\u00e9ro de t\u00e9l\u00e9phone. Ces informations sont obligatoires pour vous donner la possibilit\u00e9 de tester nos produits.<br>\n\nLes informations collect\u00e9es ne seront c\u00e9d\u00e9es \u00e0 aucun tiers \u00e0 des fins de marketing direct. RCDevs ne conservera ces donn\u00e9es qu&#039;aussi longtemps que n\u00e9cessaire \u00e0 la r\u00e9alisation des finalit\u00e9s pour lesquelles votre consentement a \u00e9t\u00e9 donn\u00e9 ou que n\u00e9cessaire \u00e0 la satisfaction de nos obligations l\u00e9gales.\t\t\t\t\t\t\t<\/div>\n\t\t<\/div>\n\t\t\n\t\t<div class=\"accordion-section\">\n\t\t\t\t\t\t\t<div class=\"accordion-title-wrapper\">\n\t\t\t\t\t<h6 class=\"accordion-title\">3. Informations non personnellement identifiables <span\n\t\t\t\t\t\t\tclass=\"accordion-icon\"><\/span><\/h6>\n\t\t\t\t<\/div>\n\t\t\t\t\t\t<div class=\"accordion-content\"\n\t\t\t\t\t\t\t>\n\t\t\t\t\t\t\t\t\tRCDevs collecte \u00e9galement des informations non personnellement identifiables (\u00ab Non-IPI \u00bb) via le Site et le Service. Les non-IPI sont des informations qui ne peuvent pas, \u00e0 elles seules, \u00eatre utilis\u00e9es pour identifier ou localiser une personne ou une entit\u00e9, et incluent, mais sans s'y limiter, l'adresse IP de votre serveur, le type de navigateur, le nombre d'utilisateurs. RCDevs collecte les non-IPI dans les sc\u00e9narios suivants\u00a0:<br>\n\n        Les informations comme les nombres d&#039;utilisateurs, les adresses IP des serveurs sont n\u00e9cessaires \u00e0 RCDevs pour proc\u00e9der aux commandes et aux Services. <br> \n        Les non-IPI sont \u00e9galement collect\u00e9es par des tiers comme d\u00e9crit dans la partie 5 ci-dessous.\t\t\t\t\t\t\t<\/div>\n\t\t<\/div>\n\t\t\n\t\t<div class=\"accordion-section\">\n\t\t\t\t\t\t\t<div class=\"accordion-title-wrapper\">\n\t\t\t\t\t<h6 class=\"accordion-title\">4. Cookies et pixels de suivi<span\n\t\t\t\t\t\t\tclass=\"accordion-icon\"><\/span><\/h6>\n\t\t\t\t<\/div>\n\t\t\t\t\t\t<div class=\"accordion-content\"\n\t\t\t\t\t\t\t>\n\t\t\t\t\t\t\t\t\tRCDevs utilise des \u00ab cookies \u00bb dans le cadre de la session utilisateur sur le Service. Un cookie est un petit fichier de donn\u00e9es que les serveurs RCDevs transf\u00e8rent sur votre ordinateur \u00e0 des fins d&#039;archivage. RCDevs utilise uniquement des \u00ab\u00a0cookies d&#039;identification de session\u00a0\u00bb.\t\t\t\t\t\t\t<\/div>\n\t\t<\/div>\n\t\t\n\t\t<div class=\"accordion-section\">\n\t\t\t\t\t\t\t<div class=\"accordion-title-wrapper\">\n\t\t\t\t\t<h6 class=\"accordion-title\">5. Collecte de donn\u00e9es par des tiers<span\n\t\t\t\t\t\t\tclass=\"accordion-icon\"><\/span><\/h6>\n\t\t\t\t<\/div>\n\t\t\t\t\t\t<div class=\"accordion-content\"\n\t\t\t\t\t\t\t>\n\t\t\t\t\t\t\t\t\tRCDevs peut utiliser des soci\u00e9t\u00e9s tierces pour collecter des informations personnelles et non personnelles (par exemple, les pages que vous visitez et les liens sur lesquels vous cliquez, les cat\u00e9gories de termes de recherche que vous entrez et certaines informations d\u00e9mographiques) lorsque vous visitez le site RCDevs. Veuillez noter que certaines informations non personnelles (qui n&#039;incluent pas d&#039;informations d\u00e9mographiques) sont \u00e9galement collect\u00e9es aupr\u00e8s des utilisateurs finaux qui visitent simplement le site. Notre site Web utilise Google Analytics, un service d&#039;analyse Web de Google Inc., 1600 Amphitheatre Parkway, Mountain View, CA 94043 USA, ci-apr\u00e8s d\u00e9nomm\u00e9 \u00ab Google \u00bb. Google Analytics utilise \u00e9galement des \u00ab\u00a0cookies\u00a0\u00bb. Les informations g\u00e9n\u00e9r\u00e9es par ces cookies, telles que l&#039;heure, le lieu et la fr\u00e9quence de vos visites sur notre site, y compris votre adresse IP, sont transmises \u00e0 l&#039;emplacement de Google aux \u00c9tats-Unis et y sont stock\u00e9es. Nous utilisons Google Analytics avec une fonction d&#039;anonymisation IP sur notre site Web. Ce faisant, Google abr\u00e8ge et anonymise ainsi votre adresse IP avant de la transf\u00e9rer des \u00c9tats membres de l&#039;Union europ\u00e9enne ou des \u00c9tats signataires de l&#039;Accord sur l&#039;Espace \u00e9conomique europ\u00e9en. Google utilisera ces informations pour \u00e9valuer votre utilisation de notre site, pour compiler des rapports sur l&#039;activit\u00e9 du site Web pour nous et pour fournir d&#039;autres services li\u00e9s \u00e0 l&#039;utilisation du site Web et d&#039;Internet. Google peut \u00e9galement transf\u00e9rer ces informations \u00e0 des tiers si la loi l&#039;exige ou dans la mesure o\u00f9 ces donn\u00e9es sont trait\u00e9es par des tiers pour le compte de Google. Google d\u00e9clare qu&#039;il n&#039;associera jamais votre adresse IP \u00e0 d&#039;autres donn\u00e9es d\u00e9tenues par Google. Vous pouvez emp\u00eacher l&#039;installation de cookies en ajustant les param\u00e8tres de votre logiciel de navigation en cons\u00e9quence. Cependant, vous devez savoir qu&#039;en proc\u00e9dant ainsi, vous ne pourrez peut-\u00eatre pas utiliser pleinement toutes les fonctions de notre site Web. Google propose \u00e9galement une option de d\u00e9sactivation pour les navigateurs les plus courants, vous offrant ainsi un meilleur contr\u00f4le sur les donn\u00e9es collect\u00e9es et trait\u00e9es par Google. Si vous activez cette option, aucune information concernant votre visite du site Web n&#039;est transmise \u00e0 Google Analytics. Cependant, l&#039;activation n&#039;emp\u00eache pas la transmission d&#039;informations \u00e0 nous ou \u00e0 tout autre service d&#039;analyse Web que nous pouvons utiliser. Lorsque vous utilisez notre tchat en ligne, vous devez renseigner votre nom et votre adresse \u00e9lectronique. Ces informations sont collect\u00e9es par la soci\u00e9t\u00e9 tawk.to. Veuillez trouver ici la politique de confidentialit\u00e9 de tawk.to pour plus d&#039;informations : www.tawk.to\/privacy-policy\/. Lorsque vous choisissez de vous abonner au groupe technique RCDevs et\/ou au groupe de d\u00e9veloppeurs et\/ou au groupe d&#039;annonces RCDevs, Google collecte des informations personnelles comme votre adresse e-mail pour vous envoyer des informations techniques et\/ou des annonces g\u00e9n\u00e9rales sur nos produits et services.\t\t\t\t\t\t\t<\/div>\n\t\t<\/div>\n\t\t\n\t\t<div class=\"accordion-section\">\n\t\t\t\t\t\t\t<div class=\"accordion-title-wrapper\">\n\t\t\t\t\t<h6 class=\"accordion-title\">6. Partage et divulgation d&#039;informations<span\n\t\t\t\t\t\t\tclass=\"accordion-icon\"><\/span><\/h6>\n\t\t\t\t<\/div>\n\t\t\t\t\t\t<div class=\"accordion-content\"\n\t\t\t\t\t\t\t>\n\t\t\t\t\t\t\t\t\tEn plus des pratiques de collecte et d&#039;utilisation des donn\u00e9es d\u00e9crites ci-dessus, nous pouvons partager ou divulguer des informations \u00e0 des tiers dans les circonstances suivantes.<br>\n\n        Informations de carte de cr\u00e9dit.<br>\n\nLes informations de carte de cr\u00e9dit ou de d\u00e9bit et les informations de compte financier personnel sont consid\u00e9r\u00e9es comme des \u00ab\u00a0Informations sensibles\u00a0\u00bb. Nous ne collectons pas d&#039;informations sur les cartes de cr\u00e9dit, les cartes de d\u00e9bit ou les comptes financiers personnels lorsque vous vous inscrivez au Service, car nous utilisons une soci\u00e9t\u00e9 tierce. Ces tiers n&#039;ont acc\u00e8s aux informations personnelles que pour effectuer ces t\u00e2ches en notre nom et sont tenus par contrat de ne pas les divulguer ou de les utiliser \u00e0 d&#039;autres fins.<br>\n\n        Respect des lois et application de la loi.<br>\n\nRCDevs coop\u00e8re avec le gouvernement et les responsables de l&#039;application des lois et des parties priv\u00e9es pour appliquer et se conformer \u00e0 la loi. RCDevs divulguera toute information vous concernant au gouvernement ou aux responsables de l&#039;application des lois ou \u00e0 des parties priv\u00e9es que RCDevs, \u00e0 sa seule discr\u00e9tion, juge n\u00e9cessaire ou appropri\u00e9 pour r\u00e9pondre aux r\u00e9clamations et aux proc\u00e9dures judiciaires (y compris, mais sans s&#039;y limiter, les assignations \u00e0 compara\u00eetre), pour prot\u00e9ger la propri\u00e9t\u00e9 et les droits de RCDevs ou d&#039;un tiers, pour prot\u00e9ger la s\u00e9curit\u00e9 du public ou de toute personne, ou pour emp\u00eacher ou arr\u00eater toute activit\u00e9 que RCDevs peut consid\u00e9rer comme \u00e9tant ou comme pr\u00e9sentant un risque d&#039;\u00eatre, ill\u00e9gale, contraire \u00e0 l&#039;\u00e9thique, inappropri\u00e9e ou passible de poursuites judiciaires.<br>\n\n        Transferts d&#039;entreprise<br>\n\nRCDevs peut vendre, transf\u00e9rer ou autrement partager tout ou partie de ses actifs, y compris les informations personnelles et toute autre information dont il dispose, dans le cadre d&#039;une fusion, acquisition, r\u00e9organisation ou vente d&#039;actifs, ou en cas de faillite.\t\t\t\t\t\t\t<\/div>\n\t\t<\/div>\n\t\t\n\t\t<div class=\"accordion-section\">\n\t\t\t\t\t\t\t<div class=\"accordion-title-wrapper\">\n\t\t\t\t\t<h6 class=\"accordion-title\">7. Modification ou suppression de vos informations<span\n\t\t\t\t\t\t\tclass=\"accordion-icon\"><\/span><\/h6>\n\t\t\t\t<\/div>\n\t\t\t\t\t\t<div class=\"accordion-content\"\n\t\t\t\t\t\t\t>\n\t\t\t\t\t\t\t\t\tToute personne disposant d'un compte RCDevs enregistr\u00e9 peut r\u00e9viser, mettre \u00e0 jour, corriger ou supprimer les IPI dans son profil d'enregistrement en se connectant \u00e0 son compte. RCDevs peut conserver une copie archiv\u00e9e de vos dossiers tel que requis par la loi ou \u00e0 des fins commerciales l\u00e9gitimes.<br>\n\nComme l'exige le r\u00e8glement g\u00e9n\u00e9ral de l'UE sur la protection des donn\u00e9es entr\u00e9 en vigueur le 25 mai 2018, vous avez le droit de demander \u00e0 tout moment l'acc\u00e8s, la rectification ou la suppression de vos donn\u00e9es personnelles trait\u00e9es. Pour exercer ce droit, veuillez contacter l'\u00e9quipe juridique de RCDevs \u00e0 l'adresse privacy@rcdevs.com. Vous pouvez vous opposer au traitement de vos donn\u00e9es personnelles \u00e0 tout moment, sauf autorisation contraire de la loi en vigueur.<br>\n\nVous pouvez refuser de partager certaines informations personnelles avec nous. Dans ce cas, il se peut que nous ne soyons pas en mesure de vous fournir certaines des caract\u00e9ristiques et fonctionnalit\u00e9s de nos services. \t\t\t\t\t\t\t<\/div>\n\t\t<\/div>\n\t\t\n\t\t<div class=\"accordion-section\">\n\t\t\t\t\t\t\t<div class=\"accordion-title-wrapper\">\n\t\t\t\t\t<h6 class=\"accordion-title\">8. S\u00e9curit\u00e9 des informations<span\n\t\t\t\t\t\t\tclass=\"accordion-icon\"><\/span><\/h6>\n\t\t\t\t<\/div>\n\t\t\t\t\t\t<div class=\"accordion-content\"\n\t\t\t\t\t\t\t>\n\t\t\t\t\t\t\t\t\tLa s\u00e9curit\u00e9 de vos informations est importante pour nous, y compris, mais sans s'y limiter, les Informations Personnelles collect\u00e9es via le Site et le Service. Nous avons mis en place des mesures de s\u00e9curit\u00e9 raisonnables pour prot\u00e9ger les informations dont nous avons la garde, \u00e0 la fois pendant la transmission et une fois que nous les recevons. Cependant, aucune m\u00e9thode de transmission sur Internet, ou m\u00e9thode de stockage \u00e9lectronique, n'est s\u00e9curis\u00e9e 100%. Par cons\u00e9quent, bien que nous nous efforcions d'utiliser des moyens commercialement acceptables pour prot\u00e9ger vos informations, nous ne pouvons garantir leur s\u00e9curit\u00e9 absolue. \t\t\t\t\t\t\t<\/div>\n\t\t<\/div>\n\t\t\n\t\t<div class=\"accordion-section\">\n\t\t\t\t\t\t\t<div class=\"accordion-title-wrapper\">\n\t\t\t\t\t<h6 class=\"accordion-title\">9. Transfert International \u2013 Stockage dans l&#039;Union Europ\u00e9enne<span\n\t\t\t\t\t\t\tclass=\"accordion-icon\"><\/span><\/h6>\n\t\t\t\t<\/div>\n\t\t\t\t\t\t<div class=\"accordion-content\"\n\t\t\t\t\t\t\t>\n\t\t\t\t\t\t\t\t\tLes informations collect\u00e9es sur ce site ou via le service peuvent \u00eatre conserv\u00e9es sur des ordinateurs situ\u00e9s en dehors de votre \u00e9tat, province, pays ou autre juridiction gouvernementale o\u00f9 les lois sur la confidentialit\u00e9 peuvent ne pas \u00eatre aussi protectrices que celles de votre juridiction. Si vous r\u00e9sidez en dehors de l'Union europ\u00e9enne et que vous choisissez de fournir des informations \u00e0 RCDevs, sachez que nous transf\u00e9rons les Informations Personnelles vers l'Union europ\u00e9enne et les y traitons conform\u00e9ment au r\u00e8glement g\u00e9n\u00e9ral de l'UE sur la protection des donn\u00e9es entr\u00e9 en vigueur le 25 mai 2018. En acceptant la pr\u00e9sente politique de protection de la vie priv\u00e9e et en communiquant ces informations, vous consentez \u00e0 ce transfert.\t\t\t\t\t\t\t<\/div>\n\t\t<\/div>\n\t\t\n\t\t<div class=\"accordion-section\">\n\t\t\t\t\t\t\t<div class=\"accordion-title-wrapper\">\n\t\t\t\t\t<h6 class=\"accordion-title\">10. Droit applicable et juridiction<span\n\t\t\t\t\t\t\tclass=\"accordion-icon\"><\/span><\/h6>\n\t\t\t\t<\/div>\n\t\t\t\t\t\t<div class=\"accordion-content\"\n\t\t\t\t\t\t\t>\n\t\t\t\t\t\t\t\t\tL&#039;utilisation de ce site Web et tout litige d\u00e9coulant de cette utilisation sont soumis aux lois luxembourgeoises et seront soumis aux juridictions luxembourgeoises.\t\t\t\t\t\t\t<\/div>\n\t\t<\/div>\n\t\t<\/div>\n<div class=\"tm-spacer\" id=\"tm-spacer-6a01d4b18f406\"><\/div>\n<\/div><\/div><\/div><\/div>\n<\/div>","protected":false},"excerpt":{"rendered":"We are committed to protect the privacy of our Customer\u2019s Personal Information. By using this website, you agree with the following terms and conditions. If you disagree with those terms and conditions or parts of them, you must not use this website. RCDevs Security SA (\u201cRCDevs\u201d, \u201dwe\u201d or \u201dus\u201d) is committed to protecting the privacy of our customer\u2019s personal information. This Privacy Policy describes how we collect, use, share, transfer and disclose personal information, in accordance with the EU General Data Protection Regulation coming into effect on 25 May 2018. This Policy applies to the RCDevs website at www.rcdevs.com (the \u201cSite\u201d) and the RCDevs demo service (the \u201cService\u201d or the \u201cServices\u201d). It also tells you how we use cookies and other tracking technologies. 1. Changes to our Private Policy This Privacy Policy may be updated from time to time so please check back regularly to keep informed of updates. OpenOTP provides the highest level of functionality available in the sector. Yet our engineers designed it focussing on high security, performance, simplicity and intuitivity. As a result, OpenOTP is the only solution at this level of functionality, that is being successfully installed and integrated by hundreds of companies without requiring any additional assistance. 2. Personally Identifiable Information Personally Identifiable Information (\u201cPII\u201d) is collected on this website only by one\u2019s voluntary registration. PII is any information that may be used to contact, identify or locate an individual, and includes, but is not limited to, your name, phone number, electronic mail and postal addresses. RCDevs collects PII under the following scenarios: When you choose to purchase via our online store, you must create an account and we collect PII as address, telephone number, etc. We collect this information in order to be able to contact you during our commercial relationship, to proceed to your order and to manage your account. When you submit a form to contact us through our website we collect information as your name, electronic email and country. We collect this information to respond to your questions and contact you during our commercial relationship. When you create a demo account we collect information as name, electronic mail address, and phone number. This information as mandatory to give you the opportunity to test our products. The collected information will not be transferred to any third party for the purpose of direct marketing. RCDevs will keep this data only as long as necessary for fulfilling the purposes for which your consent was given or as necessary for the satisfaction of our legal obligations. 3. Non-Personally Identifiable Information RCDevs also collects non-personally identifiable information (\u201cNon-PII\u201d) via the Site and Service. Non-PII is information that may not, on its own, be used to identify or locate a personal or entity, and includes, but not limited to, your server IP address, browser type, the number of users. RCDevs collects Non-PII under the following scenarios: The information as the numbers of users, the server IP addresses are required for RCDevs to proceed to the orders and for the Services. Non-PII are also collected by third parties as described in the Part 5. below. 4. Cookies and Tracking Pixels RCDevs uses \u201ccookies\u201d in connection with the user session on the Service. A cookie is a small data file that the RCDevs servers transfer to your computer for record-keeping purposes. RCDevs only uses \u201csession ID cookies\u201d. 5. Third Party Data Collection RCDevs may use third-party companies to collect PII and Non-PII (e.g., the pages you visit, and which links you click, and the categories of search terms you enter, and certain demographic information) when you visit the RCDevs Site. Please note that some Non-PII (which does not include demographic information) is also collected from End Users who simply visit the Site. Our website uses Google Analytics, a web analysis service from Google Inc., 1600 Amphitheatre Parkway, Mountain View, CA 94043 USA, hereinafter referred to as \u201cGoogle\u201c. Google Analytics employs \u201ccookies\u201d too. The information generated by these cookies, such as time, place and frequency of your visits to our site, including your IP address, is transmitted to Google\u2019s location in the US and stored there. We use Google Analytics with an IP anonymization feature on our website. In doing so, Google abbreviates and thereby anonymizes your IP address before transferring it from member states of the European Union or signatory states to the Agreement on the European Economic Area. Google will use this information to evaluate your usage of our site, to compile reports on website activity for us, and to provide other services related to website- and internet usage. Google may also transfer this information to third parties if this is required by law or to the extent this data is processed by third parties on Google\u00b4s behalf. Google states that it will in never associate your IP address with other data held by Google. You can prevent cookies from being installed by adjusting the settings on your browser software accordingly. You should be aware, however, that by doing so you may not be able to make full use of all the functions of our website. Google also offers a disabling option for the most common browsers, thus providing you with greater control over the data which is collected and processed by Google. If you enable this option, no information regarding your website visit is transmitted to Google Analytics. However, the activation does not prevent the transmission of information to us or to any other web analytics services we may use. When you use our online tchat, you must fill in your name and electronic mail address. This information is collected by tawk.to company. Please find here tawk.to\u2019s privacy policy for more information : www.tawk.to\/privacy-policy\/. When you choose to subscribe to the RCDevs Technical Group, and\/or the Developer Group and\/or the RCDevs Announcements Group, Google collects PII as your email address to send you technical information and\/or general announcements about our products and services. 6. Information Sharing and Disclosure In addition to the data collection and use [...]","protected":false},"author":3,"featured_media":0,"parent":0,"menu_order":0,"comment_status":"closed","ping_status":"closed","template":"","meta":{"footnotes":""},"class_list":["post-21823","page","type-page","status-publish","hentry","post-no-thumbnail"],"_links":{"self":[{"href":"https:\/\/shop.rcdevs.com\/fr\/wp-json\/wp\/v2\/pages\/21823","targetHints":{"allow":["GET"]}}],"collection":[{"href":"https:\/\/shop.rcdevs.com\/fr\/wp-json\/wp\/v2\/pages"}],"about":[{"href":"https:\/\/shop.rcdevs.com\/fr\/wp-json\/wp\/v2\/types\/page"}],"author":[{"embeddable":true,"href":"https:\/\/shop.rcdevs.com\/fr\/wp-json\/wp\/v2\/users\/3"}],"replies":[{"embeddable":true,"href":"https:\/\/shop.rcdevs.com\/fr\/wp-json\/wp\/v2\/comments?post=21823"}],"version-history":[{"count":0,"href":"https:\/\/shop.rcdevs.com\/fr\/wp-json\/wp\/v2\/pages\/21823\/revisions"}],"wp:attachment":[{"href":"https:\/\/shop.rcdevs.com\/fr\/wp-json\/wp\/v2\/media?parent=21823"}],"curies":[{"name":"wp","href":"https:\/\/api.w.org\/{rel}","templated":true}]}}