{"id":8471,"date":"2020-12-30T19:25:35","date_gmt":"2020-12-30T18:25:35","guid":{"rendered":"https:\/\/shop.rcdevs.com\/product\/import-placeholder-for-8488\/"},"modified":"2025-06-18T18:01:20","modified_gmt":"2025-06-18T16:01:20","slug":"rc400-hardware-tokens","status":"publish","type":"product","link":"https:\/\/shop.rcdevs.com\/de\/product\/rc400-hardware-tokens\/","title":{"rendered":"RC400-Hardware-Token"},"content":{"rendered":"<p>Der RC400 Hardware Token verwendet die E-Paper-Technologie, um den OTP-Code anzuzeigen, indem eine flache Taste in der unteren rechten Ecke gedr\u00fcckt wird.<br \/>\nDie Karte, die d\u00fcnner als 1 mm ist und die Gr\u00f6\u00dfe einer normalen Kreditkarte hat, passt perfekt in Ihre Brieftasche. Sie entspricht der Norm ISO-7810-ID01.<br \/>\nDank des verbrauchsarmen Chips im Inneren kann diese Token-Karte einen Lebenszyklus von \u00fcber 5 Jahren (je nach Nutzung) aufrechterhalten.<\/p>\n<p>RC400 tokens werden als physische tokens zur Verwendung mit dem <mark><strong>OpenOTP Security Suite<\/mark><\/strong>. Sie kommen mit einer <mark><strong>OpenOTP Inventory-Datei<\/mark><\/strong> zur einfachen Registrierung mit der Seriennummer des token. <br \/>Wenn nicht mit OpenOTP verwendet, <mark><strong>eine PSKC-Datei<\/mark><\/strong> wird f\u00fcr die manuelle Bereitstellung zur Verf\u00fcgung gestellt.<\/p>","protected":false},"excerpt":{"rendered":"<p>RC400 tokens werden als physische tokens zur Verwendung mit dem <mark><strong>OpenOTP Security Suite<\/mark><\/strong>. Sie kommen mit einer <mark><strong>OpenOTP Inventory-Datei<\/mark><\/strong> zur einfachen Registrierung mit der Seriennummer des token. <br \/>Wenn nicht mit OpenOTP verwendet, <mark><strong>eine PSKC-Datei<\/mark><\/strong> wird f\u00fcr die manuelle Bereitstellung zur Verf\u00fcgung gestellt.<\/p>\n<p>Sie k\u00f6nnen 10er-, 25er-, 50er-, 75er-, 100er-, 150er- und 250er-Packungen von RC400 tokens direkt im Shop kaufen.<\/p>\n<p><mark><strong>F\u00fcr andere Mengen wenden Sie sich bitte an das Verkaufsteam von RCDevs unter <a class=\"primary-color\" href=\"mailto:sales@rcdevs.com\">sales@rcdevs.com<\/a><\/strong><\/mark><\/p>","protected":false},"featured_media":15683,"template":"","meta":[],"product_brand":[],"product_cat":[108],"product_tag":[],"class_list":{"0":"post-8471","1":"product","2":"type-product","3":"status-publish","4":"has-post-thumbnail","6":"product_cat-hardware-tokens","8":"first","9":"instock","10":"sold-individually","11":"taxable","12":"shipping-taxable","13":"purchasable","14":"product-type-variable"},"bundled_by":[],"bundle_stock_status":"instock","bundle_stock_quantity":null,"bundle_virtual":false,"bundle_layout":"","bundle_add_to_cart_form_location":"","bundle_editable_in_cart":false,"bundle_sold_individually_context":"","bundle_item_grouping":"","bundle_min_size":"","bundle_max_size":"","bundle_price":[],"bundled_items":[],"bundle_sell_ids":[],"exclude_global_add_ons":[],"addons":[],"_links":{"self":[{"href":"https:\/\/shop.rcdevs.com\/de\/wp-json\/wp\/v2\/product\/8471","targetHints":{"allow":["GET"]}}],"collection":[{"href":"https:\/\/shop.rcdevs.com\/de\/wp-json\/wp\/v2\/product"}],"about":[{"href":"https:\/\/shop.rcdevs.com\/de\/wp-json\/wp\/v2\/types\/product"}],"wp:featuredmedia":[{"embeddable":true,"href":"https:\/\/shop.rcdevs.com\/de\/wp-json\/wp\/v2\/media\/15683"}],"wp:attachment":[{"href":"https:\/\/shop.rcdevs.com\/de\/wp-json\/wp\/v2\/media?parent=8471"}],"wp:term":[{"taxonomy":"product_brand","embeddable":true,"href":"https:\/\/shop.rcdevs.com\/de\/wp-json\/wp\/v2\/product_brand?post=8471"},{"taxonomy":"product_cat","embeddable":true,"href":"https:\/\/shop.rcdevs.com\/de\/wp-json\/wp\/v2\/product_cat?post=8471"},{"taxonomy":"product_tag","embeddable":true,"href":"https:\/\/shop.rcdevs.com\/de\/wp-json\/wp\/v2\/product_tag?post=8471"}],"curies":[{"name":"wp","href":"https:\/\/api.w.org\/{rel}","templated":true}]}}