{"id":20457,"date":"2023-05-23T11:56:20","date_gmt":"2023-05-23T09:56:20","guid":{"rendered":"https:\/\/shop.rcdevs.com\/?post_type=product&#038;p=20457"},"modified":"2026-02-03T10:45:48","modified_gmt":"2026-02-03T09:45:48","slug":"openotp-security-suite-cloud-edition","status":"publish","type":"product","link":"https:\/\/shop.rcdevs.com\/de\/product\/openotp-security-suite-cloud-edition\/","title":{"rendered":"OpenOTP Cloud \/ SaaS Ausgabe"},"content":{"rendered":"<p>Mit der ALL INCLUSIVE SaaS\/Cloud (Preview) OpenOTP Security Suite Enterprise-Lizenz k\u00f6nnen Sie alle Funktionalit\u00e4ten, alle Authentifizierungsmethoden und alle Softwarekomponenten ohne Funktionseinschr\u00e4nkung und ohne zus\u00e4tzliche Kosten nutzen. Um eine Liste aller Funktionen anzuzeigen, klicken Sie auf <mark><strong><a class=\"primary-color\" href=\"https:\/\/www.rcdevs.com\/license-features\/\" target=\"_blank\" rel=\"noopener\">Hier<\/a><\/strong><\/mark>.<\/p>","protected":false},"excerpt":{"rendered":"<p>Das SaaS\/Cloud OpenOTP Security Suite Enterprise Abonnement-Lizenzierungsmodell basiert auf einer Jahresgeb\u00fchr pro Benutzer. Die Wartung der Software ist im Preis inbegriffen.<\/p>\n<p>Sie k\u00f6nnen einen Testmieter erstellen, indem Sie auf klicken <mark><strong><a class=\"primary-color\" href=\"https:\/\/admin.eu1.openotp.com\/webapps\/trialreg\/\" target=\"_blank\" rel=\"noopener\">Hier<\/a><\/strong><\/mark>.<\/p>\n<p>Diese Testversion kann durch Kontaktaufnahme in Ihre SaaS Enterprise OpenOTP-Lizenz umgewandelt werden <mark><strong><a class=\"primary-color\" href=\"mailto:sales@rcdevs.com\">sales@rcdevs.com<\/a><\/strong><\/mark><\/p>\n<p>Bitte schauen Sie sich unsere an <mark><strong><a class=\"primary-color\" href=\"https:\/\/docs.rcdevs.com\/tag\/cloud-deployments\/\" target=\"_blank\" rel=\"noopener\">Online-SaaS-Dokumentation<\/a><\/strong><\/mark> f\u00fcr Anweisungen.<\/p>\n<p><mark><strong>Zum Erwerb von Benutzerpaketen wenden Sie sich bitte an das Vertriebsteam von RCDevs unter <a class=\"primary-color\" href=\"mailto:sales@rcdevs.com\">sales@rcdevs.com<\/a><\/strong><\/mark><\/p>\n<p>&nbsp;<\/p>","protected":false},"featured_media":22287,"template":"","meta":[],"product_brand":[],"product_cat":[107],"product_tag":[],"class_list":{"0":"post-20457","1":"product","2":"type-product","3":"status-publish","4":"has-post-thumbnail","6":"product_cat-software-license","8":"first","9":"instock","10":"sold-individually","11":"taxable","12":"shipping-taxable","13":"purchasable","14":"product-type-variable","15":"has-default-attributes"},"bundled_by":[],"bundle_stock_status":"instock","bundle_stock_quantity":null,"bundle_virtual":false,"bundle_layout":"","bundle_add_to_cart_form_location":"","bundle_editable_in_cart":false,"bundle_sold_individually_context":"","bundle_item_grouping":"","bundle_min_size":"","bundle_max_size":"","bundle_price":[],"bundled_items":[],"bundle_sell_ids":[],"exclude_global_add_ons":[],"addons":[],"_links":{"self":[{"href":"https:\/\/shop.rcdevs.com\/de\/wp-json\/wp\/v2\/product\/20457","targetHints":{"allow":["GET"]}}],"collection":[{"href":"https:\/\/shop.rcdevs.com\/de\/wp-json\/wp\/v2\/product"}],"about":[{"href":"https:\/\/shop.rcdevs.com\/de\/wp-json\/wp\/v2\/types\/product"}],"wp:featuredmedia":[{"embeddable":true,"href":"https:\/\/shop.rcdevs.com\/de\/wp-json\/wp\/v2\/media\/22287"}],"wp:attachment":[{"href":"https:\/\/shop.rcdevs.com\/de\/wp-json\/wp\/v2\/media?parent=20457"}],"wp:term":[{"taxonomy":"product_brand","embeddable":true,"href":"https:\/\/shop.rcdevs.com\/de\/wp-json\/wp\/v2\/product_brand?post=20457"},{"taxonomy":"product_cat","embeddable":true,"href":"https:\/\/shop.rcdevs.com\/de\/wp-json\/wp\/v2\/product_cat?post=20457"},{"taxonomy":"product_tag","embeddable":true,"href":"https:\/\/shop.rcdevs.com\/de\/wp-json\/wp\/v2\/product_tag?post=20457"}],"curies":[{"name":"wp","href":"https:\/\/api.w.org\/{rel}","templated":true}]}}