{"id":21823,"date":"2023-06-23T14:31:37","date_gmt":"2023-06-23T12:31:37","guid":{"rendered":"https:\/\/shop.rcdevs.com\/?page_id=21823"},"modified":"2023-06-23T14:43:37","modified_gmt":"2023-06-23T12:43:37","slug":"privacy-policy","status":"publish","type":"page","link":"https:\/\/shop.rcdevs.com\/de\/privacy-policy\/","title":{"rendered":"Datenschutz-Bestimmungen"},"content":{"rendered":"<div class=\"wpb-content-wrapper\"><div id=\"tm-row-6a01d5a81d459\" class=\"vc_row vc_row-outer vc_row-fluid\"><div id=\"tm-column-6a01d5a81d7d6\" class=\"wpb_column vc_column_container vc_col-sm-4\"><div class=\"vc_column-inner\"><div class=\"wpb_wrapper\"><div class=\"tm-image tm-animation move-up\" id=\"tm-image-6a01d5a81d9f6\">\n\t\t\t<div class=\"image\"><img decoding=\"async\"  loading=\"lazy\" alt=\"Politik\" width=\"200\" height=\"216\" src=\"https:\/\/shop.rcdevs.com\/wp-content\/uploads\/policy-200x216.png\" srcset=\"https:\/\/shop.rcdevs.com\/wp-content\/uploads\/policy-200x216@2x.png 2x\" \/><\/div>\t<\/div>\n<\/div><\/div><\/div><div id=\"tm-column-6a01d5a81de42\" class=\"wpb_column vc_column_container vc_col-sm-8\"><div class=\"vc_column-inner\"><div class=\"wpb_wrapper\">\n<div class=\"tm-heading modern left tm-animation move-up\" id=\"tm-heading-6a01d5a81e0bd\">\n\t<h6 class=\"heading\" style=\"\">Wir verpflichten uns, die Privatsph\u00e4re unserer <\/h6><\/div>\n\n\n<div class=\"tm-heading  left tm-animation move-up\" id=\"tm-heading-6a01d5a81e59c\">\n\t<h3 class=\"heading\" style=\"\">Kunden <mark>Pers\u00f6nliche Informationen.<\/mark><\/h3><\/div>\n\n<div class=\"tm-spacer\" id=\"tm-spacer-6a01d5a81ea05\"><\/div>\n\n<div class=\"tm-heading  left tm-animation move-up\" id=\"tm-heading-6a01d5a81eaec\">\n\t<div class=\"heading\" style=\"\">Durch die Nutzung dieser Website stimmen Sie den folgenden Allgemeinen Gesch\u00e4ftsbedingungen zu. Wenn Sie mit diesen Allgemeinen Gesch\u00e4ftsbedingungen oder Teilen davon nicht einverstanden sind, d\u00fcrfen Sie diese Website nicht nutzen. RCDevs Security SA (\u201eRCDevs\u201c, \u201ewir\u201c oder \u201euns\u201c) verpflichtet sich, die Privatsph\u00e4re der pers\u00f6nlichen Daten unserer Kunden zu sch\u00fctzen. Diese Datenschutzrichtlinie beschreibt, wie wir personenbezogene Daten gem\u00e4\u00df der EU-Datenschutzgrundverordnung, die am 25. Mai 2018 in Kraft tritt, sammeln, verwenden, weitergeben, \u00fcbertragen und offenlegen. Diese Richtlinie gilt f\u00fcr die RCDevs-Website unter www.rcdevs.com (die \u201eSite\u201c) und den RCDevs-Demodienst (der \u201eDienst\u201c oder die \u201eDienste\u201c). Au\u00dferdem erfahren Sie hier, wie wir Cookies und andere Tracking-Technologien verwenden. <\/div><\/div>\n\n<\/div><\/div><\/div><\/div><div id=\"tm-row-6a01d5a81f021\" class=\"vc_row vc_row-outer vc_row-fluid\"><div id=\"tm-column-6a01d5a81f288\" class=\"wpb_column vc_column_container vc_col-sm-12\"><div class=\"vc_column-inner\"><div class=\"wpb_wrapper\"><div class=\"tm-spacer\" id=\"tm-spacer-6a01d5a81f44c\"><\/div>\n<div class=\"tm-accordion style-02 tm-animation move-up\" id=\"tm-accordion-6a01d5a81f76c\"\n\t>\n\t\n\t\t<div class=\"accordion-section active\">\n\t\t\t\t\t\t\t<div class=\"accordion-title-wrapper\">\n\t\t\t\t\t<h6 class=\"accordion-title\">1. \u00c4nderungen unserer Datenschutzerkl\u00e4rung<span\n\t\t\t\t\t\t\tclass=\"accordion-icon\"><\/span><\/h6>\n\t\t\t\t<\/div>\n\t\t\t\t\t\t<div class=\"accordion-content\"\n\t\t\t\tstyle=\"display: block;\"\t\t\t>\n\t\t\t\t\t\t\t\t\tDiese Datenschutzrichtlinie kann von Zeit zu Zeit aktualisiert werden. Schauen Sie daher regelm\u00e4\u00dfig vorbei, um \u00fcber Aktualisierungen auf dem Laufenden zu bleiben. OpenOTP bietet die h\u00f6chste Funktionalit\u00e4t, die in der Branche verf\u00fcgbar ist. Unsere Ingenieure haben es jedoch mit dem Fokus auf hohe Sicherheit, Leistung, Einfachheit und Intuitivit\u00e4t entwickelt. Damit ist OpenOTP die einzige L\u00f6sung auf diesem Funktionsniveau, die von Hunderten von Unternehmen erfolgreich installiert und integriert wird, ohne dass zus\u00e4tzliche Unterst\u00fctzung erforderlich ist.\n\n\t\t\t\t\t\t\t<\/div>\n\t\t<\/div>\n\t\t\n\t\t<div class=\"accordion-section\">\n\t\t\t\t\t\t\t<div class=\"accordion-title-wrapper\">\n\t\t\t\t\t<h6 class=\"accordion-title\">2. Pers\u00f6nlich identifizierbare Informationen <span\n\t\t\t\t\t\t\tclass=\"accordion-icon\"><\/span><\/h6>\n\t\t\t\t<\/div>\n\t\t\t\t\t\t<div class=\"accordion-content\"\n\t\t\t\t\t\t\t>\n\t\t\t\t\t\t\t\t\tPers\u00f6nlich identifizierbare Informationen (\u201ePII\u201c) werden auf dieser Website nur durch die freiwillige Registrierung erfasst. PII sind alle Informationen, die verwendet werden k\u00f6nnen, um eine Person zu kontaktieren, zu identifizieren oder zu lokalisieren, einschlie\u00dflich, aber nicht beschr\u00e4nkt auf Ihren Namen, Ihre Telefonnummer, E-Mail- und Postanschrift. RCDevs sammelt PII in den folgenden Szenarien:<br>\n\n        Wenn Sie sich f\u00fcr den Kauf \u00fcber unseren Online-Shop entscheiden, m\u00fcssen Sie ein Konto erstellen und wir erfassen PII wie Adresse, Telefonnummer usw. Wir sammeln diese Informationen, um Sie w\u00e4hrend unserer Gesch\u00e4ftsbeziehung kontaktieren zu k\u00f6nnen, um Ihre Bestellung fortzusetzen und um Ihr Konto zu verwalten.<br>\n        Wenn Sie \u00fcber unsere Website ein Formular zur Kontaktaufnahme mit uns absenden, erfassen wir Informationen wie Ihren Namen, Ihre E-Mail-Adresse und Ihr Land. Wir sammeln diese Informationen, um Ihre Fragen zu beantworten und Sie w\u00e4hrend unserer Gesch\u00e4ftsbeziehung zu kontaktieren.<br>\n        Wenn Sie ein Demokonto erstellen, erfassen wir Informationen wie Name, E-Mail-Adresse und Telefonnummer. Diese Angaben sind zwingend erforderlich, um Ihnen die M\u00f6glichkeit zu geben, unsere Produkte zu testen.<br>\n\nDie gesammelten Informationen werden nicht an Dritte zum Zwecke des Direktmarketings weitergegeben. RCDevs speichert diese Daten nur so lange, wie dies zur Erf\u00fcllung der Zwecke, f\u00fcr die Ihre Einwilligung erteilt wurde, oder zur Erf\u00fcllung unserer gesetzlichen Verpflichtungen erforderlich ist.\t\t\t\t\t\t\t<\/div>\n\t\t<\/div>\n\t\t\n\t\t<div class=\"accordion-section\">\n\t\t\t\t\t\t\t<div class=\"accordion-title-wrapper\">\n\t\t\t\t\t<h6 class=\"accordion-title\">3. Nicht personenbezogene Daten <span\n\t\t\t\t\t\t\tclass=\"accordion-icon\"><\/span><\/h6>\n\t\t\t\t<\/div>\n\t\t\t\t\t\t<div class=\"accordion-content\"\n\t\t\t\t\t\t\t>\n\t\t\t\t\t\t\t\t\tRCDevs sammelt \u00fcber die Site und den Service auch nicht personenbezogene Daten (\u201eNon-PII\u201c). Nicht-PII sind Informationen, die allein nicht dazu verwendet werden d\u00fcrfen, eine Person oder ein Unternehmen zu identifizieren oder zu lokalisieren, und umfassen, aber nicht beschr\u00e4nkt auf, Ihre Server-IP-Adresse, den Browsertyp und die Anzahl der Benutzer. RCDevs sammelt Nicht-PII in den folgenden Szenarien:<br>\n\n        Die Informationen wie die Anzahl der Benutzer und die Server-IP-Adressen sind erforderlich, damit RCDevs mit den Bestellungen und f\u00fcr die Dienste fortfahren kann. <br> \n        Nicht-PII werden auch von Dritten gesammelt, wie in Teil 5 unten beschrieben.\t\t\t\t\t\t\t<\/div>\n\t\t<\/div>\n\t\t\n\t\t<div class=\"accordion-section\">\n\t\t\t\t\t\t\t<div class=\"accordion-title-wrapper\">\n\t\t\t\t\t<h6 class=\"accordion-title\">4. Cookies und Tracking-Pixel<span\n\t\t\t\t\t\t\tclass=\"accordion-icon\"><\/span><\/h6>\n\t\t\t\t<\/div>\n\t\t\t\t\t\t<div class=\"accordion-content\"\n\t\t\t\t\t\t\t>\n\t\t\t\t\t\t\t\t\tRCDevs verwendet \u201eCookies\u201c in Verbindung mit der Benutzersitzung des Dienstes. Ein Cookie ist eine kleine Datendatei, die die RCDevs-Server zu Aufzeichnungszwecken auf Ihren Computer \u00fcbertragen. RCDevs verwendet ausschlie\u00dflich \u201eSession-ID-Cookies\u201c.\t\t\t\t\t\t\t<\/div>\n\t\t<\/div>\n\t\t\n\t\t<div class=\"accordion-section\">\n\t\t\t\t\t\t\t<div class=\"accordion-title-wrapper\">\n\t\t\t\t\t<h6 class=\"accordion-title\">5. Datenerhebung durch Dritte<span\n\t\t\t\t\t\t\tclass=\"accordion-icon\"><\/span><\/h6>\n\t\t\t\t<\/div>\n\t\t\t\t\t\t<div class=\"accordion-content\"\n\t\t\t\t\t\t\t>\n\t\t\t\t\t\t\t\t\tRCDevs kann Drittunternehmen einsetzen, um PII und Nicht-PII zu sammeln (z. B. die Seiten, die Sie besuchen und welche Links Sie anklicken, die Kategorien der von Ihnen eingegebenen Suchbegriffe und bestimmte demografische Informationen), wenn Sie die RCDevs-Site besuchen. Bitte beachten Sie, dass einige Nicht-PII (die keine demografischen Informationen enthalten) auch von Endbenutzern erfasst werden, die einfach die Site besuchen. Unsere Website benutzt Google Analytics, einen Webanalysedienst der Google Inc., 1600 Amphitheatre Parkway, Mountain View, CA 94043 USA, nachfolgend \u201eGoogle\u201c. Auch Google Analytics verwendet \u201eCookies\u201c. Die durch diese Cookies erzeugten Informationen, beispielsweise Zeit, Ort und H\u00e4ufigkeit Ihres Besuchs auf unserer Seite einschlie\u00dflich Ihrer IP-Adresse, werden an den Standort von Google in den USA \u00fcbertragen und dort gespeichert. Wir verwenden auf unserer Website Google Analytics mit einer IP-Anonymisierungsfunktion. Dabei k\u00fcrzt und anonymisiert Google Ihre IP-Adresse vor der \u00dcbertragung aus Mitgliedstaaten der Europ\u00e4ischen Union oder Vertragsstaaten des Abkommens \u00fcber den Europ\u00e4ischen Wirtschaftsraum. Google wird diese Informationen benutzen, um Ihre Nutzung unserer Website auszuwerten, um Reports \u00fcber die Websiteaktivit\u00e4ten f\u00fcr uns zusammenzustellen und um weitere mit der Websitenutzung und der Internetnutzung verbundene Dienstleistungen zu erbringen. Auch wird Google diese Informationen gegebenenfalls an Dritte \u00fcbertragen, sofern dies gesetzlich vorgeschrieben oder soweit Dritte diese Daten im Auftrag von Google verarbeiten. Google gibt an, dass Ihre IP-Adresse niemals mit anderen Daten von Google in Verbindung gebracht wird. Sie k\u00f6nnen die Installation der Cookies durch eine entsprechende Einstellung Ihrer Browser-Software verhindern. wir weisen Sie jedoch darauf hin, dass Sie in diesem Fall gegebenenfalls nicht s\u00e4mtliche Funktionen unserer Website vollumf\u00e4nglich werden nutzen k\u00f6nnen. Dar\u00fcber hinaus bietet Google f\u00fcr die g\u00e4ngigsten Browser eine Deaktivierungsoption an, die Ihnen mehr Kontrolle \u00fcber die von Google erhobenen und verarbeiteten Daten gibt. Wenn Sie diese Option aktivieren, werden keine Informationen \u00fcber Ihren Website-Besuch an Google Analytics \u00fcbermittelt. Die Aktivierung verhindert jedoch nicht, dass Informationen an uns oder an andere von uns gegebenenfalls eingesetzte Webanalysedienste \u00fcbermittelt werden. Wenn Sie unseren Online-Chat nutzen, m\u00fcssen Sie Ihren Namen und Ihre E-Mail-Adresse angeben. Diese Informationen werden von der Firma tawk.to gesammelt. Weitere Informationen finden Sie hier in der Datenschutzerkl\u00e4rung von tawk.to: www.tawk.to\/privacy-policy\/. Wenn Sie sich daf\u00fcr entscheiden, die RCDevs Technical Group und\/oder die Developer Group und\/oder die RCDevs Announcements Group zu abonnieren, erfasst Google PII als Ihre E-Mail-Adresse, um Ihnen technische Informationen und\/oder allgemeine Ank\u00fcndigungen zu unseren Produkten und Dienstleistungen zuzusenden.\t\t\t\t\t\t\t<\/div>\n\t\t<\/div>\n\t\t\n\t\t<div class=\"accordion-section\">\n\t\t\t\t\t\t\t<div class=\"accordion-title-wrapper\">\n\t\t\t\t\t<h6 class=\"accordion-title\">6. Informationsaustausch und Offenlegung<span\n\t\t\t\t\t\t\tclass=\"accordion-icon\"><\/span><\/h6>\n\t\t\t\t<\/div>\n\t\t\t\t\t\t<div class=\"accordion-content\"\n\t\t\t\t\t\t\t>\n\t\t\t\t\t\t\t\t\tZus\u00e4tzlich zu den oben beschriebenen Datenerhebungs- und -nutzungspraktiken k\u00f6nnen wir unter den folgenden Umst\u00e4nden Informationen an Dritte weitergeben oder anderweitig offenlegen.<br>\n\n        Kreditkarteninformation.<br>\n\nKredit- oder Debitkarteninformationen und pers\u00f6nliche Finanzkontoinformationen gelten als \u201esensible Informationen\u201c. Wir erfassen keine Kreditkarten-, Debitkarten- oder pers\u00f6nlichen Finanzkontoinformationen, wenn Sie sich f\u00fcr den Dienst anmelden, da wir ein Drittunternehmen verwenden. Diese Dritten haben nur zur Erf\u00fcllung dieser Aufgaben in unserem Auftrag Zugriff auf PII und sind vertraglich verpflichtet, diese nicht weiterzugeben oder f\u00fcr andere Zwecke zu verwenden.<br>\n\n        Einhaltung von Gesetzen und Strafverfolgung.<br>\n\nRCDevs arbeitet mit Regierungs- und Strafverfolgungsbeamten und privaten Parteien zusammen, um das Gesetz durchzusetzen und einzuhalten. RCDevs wird alle Informationen \u00fcber Sie an Regierungs- oder Strafverfolgungsbeamte oder private Parteien weitergeben, wenn RCDevs nach eigenem Ermessen dies f\u00fcr notwendig oder angemessen h\u00e4lt, um auf Anspr\u00fcche und rechtliche Verfahren (einschlie\u00dflich, aber nicht beschr\u00e4nkt auf Vorladungen) zu reagieren, um das Eigentum und die Rechte zu sch\u00fctzen von RCDevs oder Dritten, um die Sicherheit der \u00d6ffentlichkeit oder einer Person zu sch\u00fctzen oder Aktivit\u00e4ten zu verhindern oder zu stoppen, die RCDevs als illegal, unethisch, unangemessen oder rechtlich verfolgbar erachtet oder darstellen k\u00f6nnte.<br>\n\n        Unternehmens\u00fcbertragungen<br>\n\nRCDevs kann einige oder alle seiner Verm\u00f6genswerte, einschlie\u00dflich personenbezogener Daten und anderer Informationen, die es hat, im Zusammenhang mit einer Fusion, \u00dcbernahme, Umstrukturierung oder Ver\u00e4u\u00dferung von Verm\u00f6genswerten oder im Falle eines Konkurses verkaufen, \u00fcbertragen oder anderweitig teilen.\t\t\t\t\t\t\t<\/div>\n\t\t<\/div>\n\t\t\n\t\t<div class=\"accordion-section\">\n\t\t\t\t\t\t\t<div class=\"accordion-title-wrapper\">\n\t\t\t\t\t<h6 class=\"accordion-title\">7. Ihre Daten \u00e4ndern oder l\u00f6schen<span\n\t\t\t\t\t\t\tclass=\"accordion-icon\"><\/span><\/h6>\n\t\t\t\t<\/div>\n\t\t\t\t\t\t<div class=\"accordion-content\"\n\t\t\t\t\t\t\t>\n\t\t\t\t\t\t\t\t\tJeder mit einem registrierten RCDevs-Konto kann die PII in seinem Registrierungsprofil \u00fcberpr\u00fcfen, aktualisieren, korrigieren oder l\u00f6schen, indem er sich bei seinem Konto anmeldet. RCDevs kann eine archivierte Kopie Ihrer Unterlagen aufbewahren, wenn dies gesetzlich vorgeschrieben ist oder f\u00fcr legitime Gesch\u00e4ftszwecke.<br>\n\nGem\u00e4\u00df der am 25. Mai 2018 in Kraft tretenden EU-Datenschutzgrundverordnung haben Sie das Recht, jederzeit Auskunft, Berichtigung oder L\u00f6schung Ihrer verarbeiteten personenbezogenen Daten zu verlangen. Um dieses Recht auszu\u00fcben, wenden Sie sich bitte an die Rechtsabteilung von RCDevs unter privacy@rcdevs.com. Sie k\u00f6nnen der Verarbeitung Ihrer personenbezogenen Daten jederzeit widersprechen, es sei denn, dies ist nach geltendem Recht anders zul\u00e4ssig.<br>\n\nSie k\u00f6nnen die Weitergabe bestimmter PII an uns ablehnen. In diesem Fall k\u00f6nnen wir Ihnen m\u00f6glicherweise einige der Funktionen und Funktionen unserer Dienste nicht zur Verf\u00fcgung stellen. \t\t\t\t\t\t\t<\/div>\n\t\t<\/div>\n\t\t\n\t\t<div class=\"accordion-section\">\n\t\t\t\t\t\t\t<div class=\"accordion-title-wrapper\">\n\t\t\t\t\t<h6 class=\"accordion-title\">8. Informationssicherheit<span\n\t\t\t\t\t\t\tclass=\"accordion-icon\"><\/span><\/h6>\n\t\t\t\t<\/div>\n\t\t\t\t\t\t<div class=\"accordion-content\"\n\t\t\t\t\t\t\t>\n\t\t\t\t\t\t\t\t\tDie Sicherheit Ihrer Informationen ist uns wichtig, einschlie\u00dflich, aber nicht beschr\u00e4nkt auf die \u00fcber die Website und den Dienst gesammelten PI. Wir haben angemessene Sicherheitsma\u00dfnahmen getroffen, um die uns anvertrauten Informationen sowohl w\u00e4hrend der \u00dcbertragung als auch nach Erhalt zu sch\u00fctzen. Keine Methode der \u00dcbertragung \u00fcber das Internet oder Methode der elektronischen Speicherung ist jedoch 100% sicher. Obwohl wir uns bem\u00fchen, wirtschaftlich akzeptable Mittel zum Schutz Ihrer Daten zu verwenden, k\u00f6nnen wir deren absolute Sicherheit nicht garantieren. \t\t\t\t\t\t\t<\/div>\n\t\t<\/div>\n\t\t\n\t\t<div class=\"accordion-section\">\n\t\t\t\t\t\t\t<div class=\"accordion-title-wrapper\">\n\t\t\t\t\t<h6 class=\"accordion-title\">9. Internationaler Transfer \u2013 Speicherung in der Europ\u00e4ischen Union<span\n\t\t\t\t\t\t\tclass=\"accordion-icon\"><\/span><\/h6>\n\t\t\t\t<\/div>\n\t\t\t\t\t\t<div class=\"accordion-content\"\n\t\t\t\t\t\t\t>\n\t\t\t\t\t\t\t\t\tInformationen, die auf dieser Site oder \u00fcber den Dienst gesammelt werden, k\u00f6nnen gespeichert werden auf \u2014 Computern, die sich au\u00dferhalb Ihres Staates, Ihrer Provinz, Ihres Landes oder einer anderen staatlichen Gerichtsbarkeit befinden, in der die Datenschutzgesetze m\u00f6glicherweise nicht so sch\u00fctzend sind wie die in Ihrer Gerichtsbarkeit. Wenn Sie sich au\u00dferhalb der Europ\u00e4ischen Union befinden und RCDevs Informationen zur Verf\u00fcgung stellen m\u00f6chten, beachten Sie bitte, dass wir PI in die Europ\u00e4ische Union \u00fcbertragen und dort in \u00dcbereinstimmung mit der am 25. Mai 2018 in Kraft tretenden EU-Datenschutzgrundverordnung verarbeiten. Ihre Einwilligung zu dieser Datenschutzrichtlinie gefolgt von Ihrer \u00dcbermittlung dieser Informationen stellt Ihre Zustimmung zu dieser \u00dcbertragung dar.\t\t\t\t\t\t\t<\/div>\n\t\t<\/div>\n\t\t\n\t\t<div class=\"accordion-section\">\n\t\t\t\t\t\t\t<div class=\"accordion-title-wrapper\">\n\t\t\t\t\t<h6 class=\"accordion-title\">10. Anwendbares Recht und Gerichtsstand<span\n\t\t\t\t\t\t\tclass=\"accordion-icon\"><\/span><\/h6>\n\t\t\t\t<\/div>\n\t\t\t\t\t\t<div class=\"accordion-content\"\n\t\t\t\t\t\t\t>\n\t\t\t\t\t\t\t\t\tDie Nutzung dieser Website und alle Rechtsstreitigkeiten, die sich aus dieser Nutzung ergeben, unterliegen den Gesetzen von Luxemburg und unterliegen der Gerichtsbarkeit von Luxemburg.\t\t\t\t\t\t\t<\/div>\n\t\t<\/div>\n\t\t<\/div>\n<div class=\"tm-spacer\" id=\"tm-spacer-6a01d5a81faf2\"><\/div>\n<\/div><\/div><\/div><\/div>\n<\/div>","protected":false},"excerpt":{"rendered":"We are committed to protect the privacy of our Customer\u2019s Personal Information. By using this website, you agree with the following terms and conditions. If you disagree with those terms and conditions or parts of them, you must not use this website. RCDevs Security SA (\u201cRCDevs\u201d, \u201dwe\u201d or \u201dus\u201d) is committed to protecting the privacy of our customer\u2019s personal information. This Privacy Policy describes how we collect, use, share, transfer and disclose personal information, in accordance with the EU General Data Protection Regulation coming into effect on 25 May 2018. This Policy applies to the RCDevs website at www.rcdevs.com (the \u201cSite\u201d) and the RCDevs demo service (the \u201cService\u201d or the \u201cServices\u201d). It also tells you how we use cookies and other tracking technologies. 1. Changes to our Private Policy This Privacy Policy may be updated from time to time so please check back regularly to keep informed of updates. OpenOTP provides the highest level of functionality available in the sector. Yet our engineers designed it focussing on high security, performance, simplicity and intuitivity. As a result, OpenOTP is the only solution at this level of functionality, that is being successfully installed and integrated by hundreds of companies without requiring any additional assistance. 2. Personally Identifiable Information Personally Identifiable Information (\u201cPII\u201d) is collected on this website only by one\u2019s voluntary registration. PII is any information that may be used to contact, identify or locate an individual, and includes, but is not limited to, your name, phone number, electronic mail and postal addresses. RCDevs collects PII under the following scenarios: When you choose to purchase via our online store, you must create an account and we collect PII as address, telephone number, etc. We collect this information in order to be able to contact you during our commercial relationship, to proceed to your order and to manage your account. When you submit a form to contact us through our website we collect information as your name, electronic email and country. We collect this information to respond to your questions and contact you during our commercial relationship. When you create a demo account we collect information as name, electronic mail address, and phone number. This information as mandatory to give you the opportunity to test our products. The collected information will not be transferred to any third party for the purpose of direct marketing. RCDevs will keep this data only as long as necessary for fulfilling the purposes for which your consent was given or as necessary for the satisfaction of our legal obligations. 3. Non-Personally Identifiable Information RCDevs also collects non-personally identifiable information (\u201cNon-PII\u201d) via the Site and Service. Non-PII is information that may not, on its own, be used to identify or locate a personal or entity, and includes, but not limited to, your server IP address, browser type, the number of users. RCDevs collects Non-PII under the following scenarios: The information as the numbers of users, the server IP addresses are required for RCDevs to proceed to the orders and for the Services. Non-PII are also collected by third parties as described in the Part 5. below. 4. Cookies and Tracking Pixels RCDevs uses \u201ccookies\u201d in connection with the user session on the Service. A cookie is a small data file that the RCDevs servers transfer to your computer for record-keeping purposes. RCDevs only uses \u201csession ID cookies\u201d. 5. Third Party Data Collection RCDevs may use third-party companies to collect PII and Non-PII (e.g., the pages you visit, and which links you click, and the categories of search terms you enter, and certain demographic information) when you visit the RCDevs Site. Please note that some Non-PII (which does not include demographic information) is also collected from End Users who simply visit the Site. Our website uses Google Analytics, a web analysis service from Google Inc., 1600 Amphitheatre Parkway, Mountain View, CA 94043 USA, hereinafter referred to as \u201cGoogle\u201c. Google Analytics employs \u201ccookies\u201d too. The information generated by these cookies, such as time, place and frequency of your visits to our site, including your IP address, is transmitted to Google\u2019s location in the US and stored there. We use Google Analytics with an IP anonymization feature on our website. In doing so, Google abbreviates and thereby anonymizes your IP address before transferring it from member states of the European Union or signatory states to the Agreement on the European Economic Area. Google will use this information to evaluate your usage of our site, to compile reports on website activity for us, and to provide other services related to website- and internet usage. Google may also transfer this information to third parties if this is required by law or to the extent this data is processed by third parties on Google\u00b4s behalf. Google states that it will in never associate your IP address with other data held by Google. You can prevent cookies from being installed by adjusting the settings on your browser software accordingly. You should be aware, however, that by doing so you may not be able to make full use of all the functions of our website. Google also offers a disabling option for the most common browsers, thus providing you with greater control over the data which is collected and processed by Google. If you enable this option, no information regarding your website visit is transmitted to Google Analytics. However, the activation does not prevent the transmission of information to us or to any other web analytics services we may use. When you use our online tchat, you must fill in your name and electronic mail address. This information is collected by tawk.to company. Please find here tawk.to\u2019s privacy policy for more information : www.tawk.to\/privacy-policy\/. When you choose to subscribe to the RCDevs Technical Group, and\/or the Developer Group and\/or the RCDevs Announcements Group, Google collects PII as your email address to send you technical information and\/or general announcements about our products and services. 6. Information Sharing and Disclosure In addition to the data collection and use [...]","protected":false},"author":3,"featured_media":0,"parent":0,"menu_order":0,"comment_status":"closed","ping_status":"closed","template":"","meta":{"footnotes":""},"class_list":["post-21823","page","type-page","status-publish","hentry","post-no-thumbnail"],"_links":{"self":[{"href":"https:\/\/shop.rcdevs.com\/de\/wp-json\/wp\/v2\/pages\/21823","targetHints":{"allow":["GET"]}}],"collection":[{"href":"https:\/\/shop.rcdevs.com\/de\/wp-json\/wp\/v2\/pages"}],"about":[{"href":"https:\/\/shop.rcdevs.com\/de\/wp-json\/wp\/v2\/types\/page"}],"author":[{"embeddable":true,"href":"https:\/\/shop.rcdevs.com\/de\/wp-json\/wp\/v2\/users\/3"}],"replies":[{"embeddable":true,"href":"https:\/\/shop.rcdevs.com\/de\/wp-json\/wp\/v2\/comments?post=21823"}],"version-history":[{"count":0,"href":"https:\/\/shop.rcdevs.com\/de\/wp-json\/wp\/v2\/pages\/21823\/revisions"}],"wp:attachment":[{"href":"https:\/\/shop.rcdevs.com\/de\/wp-json\/wp\/v2\/media?parent=21823"}],"curies":[{"name":"wp","href":"https:\/\/api.w.org\/{rel}","templated":true}]}}